{"id":87,"date":"2013-01-03T11:46:43","date_gmt":"2013-01-03T10:46:43","guid":{"rendered":"http:\/\/deutsch-fuer-juristen.de\/?page_id=87"},"modified":"2023-11-12T18:18:28","modified_gmt":"2023-11-12T17:18:28","slug":"gloeer","status":"publish","type":"page","link":"https:\/\/deutsch-fuer-juristen.de\/en\/gloeer\/","title":{"rendered":"Robert Gl\u00f6er"},"content":{"rendered":"<p><img loading=\"lazy\" class=\"wp-image-1412 size-medium aligncenter\" title=\"Robert Gloeer :: Rechtsanwalt, Deutschlehrer\" src=\"https:\/\/deutsch-fuer-juristen.de\/wp-content\/uploads\/2023\/11\/gloeer_robert_deutsch_fuer_juristen-371x500.jpg\" alt=\"\" width=\"371\" height=\"500\" srcset=\"https:\/\/deutsch-fuer-juristen.de\/wp-content\/uploads\/2023\/11\/gloeer_robert_deutsch_fuer_juristen-371x500.jpg 371w, https:\/\/deutsch-fuer-juristen.de\/wp-content\/uploads\/2023\/11\/gloeer_robert_deutsch_fuer_juristen-760x1024.jpg 760w, https:\/\/deutsch-fuer-juristen.de\/wp-content\/uploads\/2023\/11\/gloeer_robert_deutsch_fuer_juristen-768x1035.jpg 768w, https:\/\/deutsch-fuer-juristen.de\/wp-content\/uploads\/2023\/11\/gloeer_robert_deutsch_fuer_juristen.jpg 950w\" sizes=\"(max-width: 371px) 100vw, 371px\" \/>With an extensive experience of teaching German and in-depth knowledge of German law, I can provide essential and easily comprehensible German for foreign lawyers.<\/p>\n<h3>Robert Gl\u00f6er, Lawyer, LL.M.<\/h3>\n<ul>\n<li>Law studies at the University of Hamburg.<\/li>\n<li>Legal clerkship in Berlin and at the Permanent Representation of Germany at the European Union, Brussels.<\/li>\n<li>Attained first and second state examination.<\/li>\n<li>Master of Laws at the University of Cape Town, South Africa.<\/li>\n<\/ul>\n<h3>Lecturer for German as a Foreign Language<\/h3>\n<ul>\n<li>Goethe Institut: Distance learning degree.<\/li>\n<li>Federal Office for Migration and Refugees: Additional qualification in German as a Second Language.<\/li>\n<\/ul>\n<h3>Legal articles<\/h3>\n<ul>\n<li>Keine R\u00fcck\u00fcbertragung nach dem VZOG bei Auflassungsvormerkung, Anmerkung zu LG Chemnitz, Urteil vom 9. Mai 1996 in: Zeitschrift f\u00fcr Verm\u00f6gens- und Immobilienrecht 1997, 364 ff.<\/li>\n<\/ul>\n<ul>\n<li>Restitutionsf\u00e4higkeit sogenannter untergegangener und zwischenzeitlich \u00fcberbauter volkseigener Grundst\u00fccke in: Offene Verm\u00f6gensfragen 1998, 56 f.<\/li>\n<\/ul>\n<h3>Mediator<\/h3>\n<p>Degree in Mediation.<\/p>\n<h3>Professional experience:<\/h3>\n<ul>\n<li>Lawyer in Berlin.<\/li>\n<li>Organisation for Security and Cooperation in Europe (OSCE): Anti-Fraud-Officer in Kosovo.<\/li>\n<li>Lecturer for German as a Foreign Language at the Technical University, Berlin.<\/li>\n<li>Lecturer for German as a Foreign Language at the Charit\u00e9, University hospital, Berlin.<\/li>\n<li>Lecturer for German as a Foreign Language for several companies.<\/li>\n<li>Lecturer for German as a Foreign Language for Lawyers since 2013.<\/li>\n<\/ul>\n<p style=\"text-align: right;\">&#8211; &#8211; &#8211;<br \/>\n<em>(c) Foto: Marta Gobbi<br \/>\n<\/em><\/p>\n","protected":false},"excerpt":{"rendered":"<p>With an extensive experience of teaching German and in-depth knowledge of German law, I can provide essential and easily comprehensible German for foreign lawyers. Robert Gl\u00f6er, Lawyer, LL.M. Law studies at the University of Hamburg. Legal clerkship in Berlin and at the Permanent Representation of Germany at the European Union, Brussels. Attained first and second [&hellip;]<\/p>\n","protected":false},"author":2,"featured_media":1414,"parent":0,"menu_order":0,"comment_status":"closed","ping_status":"closed","template":"","meta":{"_genesis_hide_title":false,"_genesis_hide_breadcrumbs":false,"_genesis_hide_singular_image":false,"_genesis_hide_footer_widgets":false,"_genesis_custom_body_class":"","_genesis_custom_post_class":"","_genesis_layout":"content-sidebar"},"acf":[],"featured_image_src":"https:\/\/deutsch-fuer-juristen.de\/wp-content\/uploads\/2023\/11\/robert_gloer_deutsch_fuer_juristen.jpg","featured_image_src_square":"https:\/\/deutsch-fuer-juristen.de\/wp-content\/uploads\/2023\/11\/robert_gloer_deutsch_fuer_juristen.jpg","_links":{"self":[{"href":"https:\/\/deutsch-fuer-juristen.de\/en\/wp-json\/wp\/v2\/pages\/87"}],"collection":[{"href":"https:\/\/deutsch-fuer-juristen.de\/en\/wp-json\/wp\/v2\/pages"}],"about":[{"href":"https:\/\/deutsch-fuer-juristen.de\/en\/wp-json\/wp\/v2\/types\/page"}],"author":[{"embeddable":true,"href":"https:\/\/deutsch-fuer-juristen.de\/en\/wp-json\/wp\/v2\/users\/2"}],"replies":[{"embeddable":true,"href":"https:\/\/deutsch-fuer-juristen.de\/en\/wp-json\/wp\/v2\/comments?post=87"}],"version-history":[{"count":8,"href":"https:\/\/deutsch-fuer-juristen.de\/en\/wp-json\/wp\/v2\/pages\/87\/revisions"}],"predecessor-version":[{"id":1442,"href":"https:\/\/deutsch-fuer-juristen.de\/en\/wp-json\/wp\/v2\/pages\/87\/revisions\/1442"}],"wp:featuredmedia":[{"embeddable":true,"href":"https:\/\/deutsch-fuer-juristen.de\/en\/wp-json\/wp\/v2\/media\/1414"}],"wp:attachment":[{"href":"https:\/\/deutsch-fuer-juristen.de\/en\/wp-json\/wp\/v2\/media?parent=87"}],"curies":[{"name":"wp","href":"https:\/\/api.w.org\/{rel}","templated":true}]}}