{"id":74,"date":"2011-11-01T11:31:29","date_gmt":"2011-11-01T10:31:29","guid":{"rendered":"http:\/\/deutsch-fuer-juristen.de\/?page_id=74"},"modified":"2023-11-07T19:38:23","modified_gmt":"2023-11-07T18:38:23","slug":"german-for-lawyers","status":"publish","type":"page","link":"https:\/\/deutsch-fuer-juristen.de\/en\/","title":{"rendered":"German for Lawyers"},"content":{"rendered":"\r\n<div class=\"wp-block-genesis-blocks-gb-container gb-block-container\" style=\"background-color: #eff1f2; padding: 3% 2% 1% 2%;\">\r\n<div class=\"gb-container-inside\">\r\n<div class=\"gb-container-content\" style=\"max-width: 1353px;\">\r\n<h2 class=\"has-text-align-center entry-title\">Lawyer and German teacher provides<\/h2>\r\n\r\n\r\n\r\n<div class=\"wp-block-genesis-blocks-gb-columns gb-layout-columns-2 gb-2-col-wideright\">\r\n<div class=\"gb-layout-column-wrap gb-block-layout-column-gap-2 gb-is-responsive-column\">\r\n<div class=\"wp-block-genesis-blocks-gb-column gb-block-layout-column\">\r\n<div class=\"gb-block-layout-column-inner\">\r\n<figure class=\"wp-block-image size-large\"><img loading=\"lazy\" class=\"alignnone wp-image-1412 size-medium\" src=\"https:\/\/deutsch-fuer-juristen.de\/wp-content\/uploads\/2023\/11\/gloeer_robert_deutsch_fuer_juristen-371x500.jpg\" alt=\"\" width=\"371\" height=\"500\" srcset=\"https:\/\/deutsch-fuer-juristen.de\/wp-content\/uploads\/2023\/11\/gloeer_robert_deutsch_fuer_juristen-371x500.jpg 371w, https:\/\/deutsch-fuer-juristen.de\/wp-content\/uploads\/2023\/11\/gloeer_robert_deutsch_fuer_juristen-760x1024.jpg 760w, https:\/\/deutsch-fuer-juristen.de\/wp-content\/uploads\/2023\/11\/gloeer_robert_deutsch_fuer_juristen-768x1035.jpg 768w, https:\/\/deutsch-fuer-juristen.de\/wp-content\/uploads\/2023\/11\/gloeer_robert_deutsch_fuer_juristen.jpg 950w\" sizes=\"(max-width: 371px) 100vw, 371px\" \/><\/figure>\r\n<\/div>\r\n<\/div>\r\n\r\n\r\n\r\n<div class=\"wp-block-genesis-blocks-gb-column gb-block-layout-column\">\r\n<div class=\"gb-block-layout-column-inner\">\r\n<p><strong>German as a Foreign Language for Lawyers &#8211; Courses:<\/strong><\/p>\r\n\r\n\r\n\r\n<ul>\r\n<li>One-to-One Tuition<\/li>\r\n<li>Small groups<\/li>\r\n<li>Distance learning online<\/li>\r\n<\/ul>\r\n\r\n\r\n\r\n<p>Suitable for lawyers, judges, diplomats and anyone who is dealing with legal texts and situations.<\/p>\r\n<\/div>\r\n<\/div>\r\n<\/div>\r\n<\/div>\r\n<\/div>\r\n<\/div>\r\n<\/div>\r\n\r\n\r\n\r\n<h2 class=\"has-text-align-center entry-title\">Testimonials<\/h2>\r\n\r\n\r\n<div class=\"strong-view strong-view-id-2 default wpmtst-default slider-container slider-mode-horizontal controls-type-sides controls-style-buttons\" data-count=\"6\" data-slider-var=\"strong_slider_id_2\" data-state=\"idle\"><div class=\"strong-content wpmslider-content\"><div class=\"wpmtst-testimonial testimonial t-slide post-781\"><div class=\"wpmtst-testimonial-inner testimonial-inner\"><div data-infinite-loop=\"false\"   class=\"wpmtst-testimonial-content testimonial-content\"><div class=\"maybe-clear\"><\/div><p><em>The course was very helpful as an introduction to the German LLM. Mr. Gl\u00f6er is always open to his students and enjoys teaching.<\/em><\/p><\/div><div class=\"wpmtst-testimonial-field testimonial-field testimonial-name\">Anna Nakou, Konstantina Karopoulou<\/div><div class=\"wpmtst-testimonial-field testimonial-field testimonial-company\">LLM German Course Berlin, October 2016<\/div><div class=\"clear\"><\/div><\/div><\/div><div class=\"wpmtst-testimonial testimonial t-slide post-782\"><div class=\"wpmtst-testimonial-inner testimonial-inner\"><div data-infinite-loop=\"false\"   class=\"wpmtst-testimonial-content testimonial-content\"><div class=\"maybe-clear\"><\/div><p><em>I think this course is a must for foreign law students. If Robert writes a book in the future, I would buy it.<\/em><\/p><\/div><div class=\"wpmtst-testimonial-field testimonial-field testimonial-name\">Byung-yoon Bae<\/div><div class=\"wpmtst-testimonial-field testimonial-field testimonial-company\">LLM German Course Berlin, October 2016<\/div><div class=\"clear\"><\/div><\/div><\/div><div class=\"wpmtst-testimonial testimonial t-slide post-911\"><div class=\"wpmtst-testimonial-inner testimonial-inner\"><div data-infinite-loop=\"false\"   class=\"wpmtst-testimonial-content testimonial-content\"><div class=\"maybe-clear\"><\/div><p>The German course for Lawyers offers a good preparation to the German LLM.<\/p><\/div><div class=\"wpmtst-testimonial-field testimonial-field testimonial-name\">Kalina Surcheva-Horn<\/div><div class=\"wpmtst-testimonial-field testimonial-field testimonial-company\">LLM German Course Berlin<\/div><div class=\"clear\"><\/div><\/div><\/div><div class=\"wpmtst-testimonial testimonial t-slide post-912\"><div class=\"wpmtst-testimonial-inner testimonial-inner\"><div data-infinite-loop=\"false\"   class=\"wpmtst-testimonial-content testimonial-content\"><div class=\"maybe-clear\"><\/div><p>My legal texts improve more and more due to Roberts course. He has a keen sense for what I want to express and offers several wording alternatives . The focus on style and comprehensibility is also a great help. Very good!<\/p><\/div><div class=\"wpmtst-testimonial-field testimonial-field testimonial-name\">Carolijn<\/div><div class=\"wpmtst-testimonial-field testimonial-field testimonial-company\">Lawyer at the European Center for Constitutional and Human Rights, Berlin<\/div><div class=\"clear\"><\/div><\/div><\/div><div class=\"wpmtst-testimonial testimonial t-slide post-913\"><div class=\"wpmtst-testimonial-inner testimonial-inner\"><div data-infinite-loop=\"false\"   class=\"wpmtst-testimonial-content testimonial-content\"><div class=\"maybe-clear\"><\/div><p>Mr. Gl\u00f6er is very flexible and customised the course to my wishes and needs. He is gifted and very motivated, loves his job and you notice it. The classes are fun and cover theory, legal vocabulary and grammatical features of the German legal language. Everything is trained with legal contents. For me it was very positive. It\u00b4s not easy to find a teacher like Mr. Gl\u00f6er.<\/p><\/div><div class=\"wpmtst-testimonial-field testimonial-field testimonial-name\">Laia Bardaji-Segui, In-House-Counsel<\/div><div class=\"wpmtst-testimonial-field testimonial-field testimonial-company\">Waterpower turbines producer, Austria<\/div><div class=\"clear\"><\/div><\/div><\/div><div class=\"wpmtst-testimonial testimonial t-slide post-914\"><div class=\"wpmtst-testimonial-inner testimonial-inner\"><div data-infinite-loop=\"false\"   class=\"wpmtst-testimonial-content testimonial-content\"><div class=\"maybe-clear\"><\/div><p>Robert\u2019s\u00a0 legal German course went beyond my expectations. My legal German skills have improved immensely, a great benefit in my daily work.<\/p><\/div><div class=\"wpmtst-testimonial-field testimonial-field testimonial-name\">D\u00f3ra Cz\u00e9g\u00e9nyi, hungarian Lawyer<\/div><div class=\"wpmtst-testimonial-field testimonial-field testimonial-company\">LLM Deutschkurs Berlin<\/div><div class=\"clear\"><\/div><\/div><\/div><\/div><\/div>\n\r\n\r\n\r\n<div class=\"wp-block-genesis-blocks-gb-container gb-block-container\" style=\"background-color: #eff1f2; padding-bottom: 1%; padding-top: 3%; margin-top: 3%;\">\r\n<div class=\"gb-container-inside\">\r\n<div class=\"gb-container-content\">\r\n<h2 class=\"has-text-align-center entry-title\">You are interested in a language course?<\/h2>\r\n\r\n\r\n\r\n<div class=\"wp-block-genesis-blocks-gb-button gb-block-button\" style=\"text-align: center;\"><a class=\"gb-button gb-button-shape-square gb-button-size-medium\" style=\"color: #ffffff; background-color: #fcb900;\" href=\"http:\/\/deutsch-fuer-juristen.de\/kontakt\/\"><strong>Make an appointment now<\/strong><\/a><\/div>\r\n<\/div>\r\n<\/div>\r\n<\/div>\r\n","protected":false},"excerpt":{"rendered":"<p>Testimonials<\/p>\n","protected":false},"author":2,"featured_media":398,"parent":0,"menu_order":0,"comment_status":"closed","ping_status":"closed","template":"","meta":{"_genesis_hide_title":false,"_genesis_hide_breadcrumbs":false,"_genesis_hide_singular_image":false,"_genesis_hide_footer_widgets":false,"_genesis_custom_body_class":"","_genesis_custom_post_class":"","_genesis_layout":"full-width-content"},"acf":[],"featured_image_src":"https:\/\/deutsch-fuer-juristen.de\/wp-content\/uploads\/2015\/05\/gloer_logo1777103100.png","featured_image_src_square":"https:\/\/deutsch-fuer-juristen.de\/wp-content\/uploads\/2015\/05\/gloer_logo1777103100.png","_links":{"self":[{"href":"https:\/\/deutsch-fuer-juristen.de\/en\/wp-json\/wp\/v2\/pages\/74"}],"collection":[{"href":"https:\/\/deutsch-fuer-juristen.de\/en\/wp-json\/wp\/v2\/pages"}],"about":[{"href":"https:\/\/deutsch-fuer-juristen.de\/en\/wp-json\/wp\/v2\/types\/page"}],"author":[{"embeddable":true,"href":"https:\/\/deutsch-fuer-juristen.de\/en\/wp-json\/wp\/v2\/users\/2"}],"replies":[{"embeddable":true,"href":"https:\/\/deutsch-fuer-juristen.de\/en\/wp-json\/wp\/v2\/comments?post=74"}],"version-history":[{"count":12,"href":"https:\/\/deutsch-fuer-juristen.de\/en\/wp-json\/wp\/v2\/pages\/74\/revisions"}],"predecessor-version":[{"id":1429,"href":"https:\/\/deutsch-fuer-juristen.de\/en\/wp-json\/wp\/v2\/pages\/74\/revisions\/1429"}],"wp:featuredmedia":[{"embeddable":true,"href":"https:\/\/deutsch-fuer-juristen.de\/en\/wp-json\/wp\/v2\/media\/398"}],"wp:attachment":[{"href":"https:\/\/deutsch-fuer-juristen.de\/en\/wp-json\/wp\/v2\/media?parent=74"}],"curies":[{"name":"wp","href":"https:\/\/api.w.org\/{rel}","templated":true}]}}